{"id":15,"date":"2011-05-26T15:04:14","date_gmt":"2011-05-26T15:04:14","guid":{"rendered":"http:\/\/www.mieterverein-dorsten.de\/dorsten\/?page_id=15"},"modified":"2011-07-25T09:24:39","modified_gmt":"2011-07-25T09:24:39","slug":"beitritt","status":"publish","type":"page","link":"https:\/\/www.mieterverein-dorsten.de\/dorsten\/beitritt\/","title":{"rendered":"Beitritt"},"content":{"rendered":"<p><strong>Wie werden Sie Mitglied im Mieterverein Dorsten und Umgebung e.V.?<\/strong><\/p>\n<p><strong><\/strong>Bevor Sie sich anmelden, bitten wir Sie sich \u00fcber Zweck und Ziele des Mietervereins durch die Satzung zu informieren. Diese k\u00f6nnen Sie <a href=\"http:\/\/www.mieterverein-dorsten.de\/dorsten\/satzung\/\">hier<\/a> \u00f6ffnen.<\/p>\n<p><strong>Sie k\u00f6nnen sich bequem online anmelden!<\/strong><\/p>\n<p><span style=\"font-weight: bold;\"><a onclick=\"window.open('\/onlineanmeldung\/index.php','mvonlineanm','width=800,height=600,scrollbars=yes');\" href=\"#\">Bitte klicken Sie hier, um das Formular in einem neuen Fenster zu \u00f6ffnen.<\/a><\/span><\/p>\n","protected":false},"excerpt":{"rendered":"<p>Wie werden Sie Mitglied im Mieterverein Dorsten und Umgebung e.V.? Bevor Sie sich anmelden, bitten wir Sie sich \u00fcber Zweck und Ziele des Mietervereins durch die Satzung zu informieren. Diese k\u00f6nnen Sie hier \u00f6ffnen. Sie k\u00f6nnen sich bequem online anmelden! Bitte klicken Sie hier, um das Formular in einem neuen Fenster zu \u00f6ffnen.<\/p>\n","protected":false},"author":1,"featured_media":0,"parent":0,"menu_order":4,"comment_status":"closed","ping_status":"open","template":"","meta":[],"_links":{"self":[{"href":"https:\/\/www.mieterverein-dorsten.de\/dorsten\/wp-json\/wp\/v2\/pages\/15"}],"collection":[{"href":"https:\/\/www.mieterverein-dorsten.de\/dorsten\/wp-json\/wp\/v2\/pages"}],"about":[{"href":"https:\/\/www.mieterverein-dorsten.de\/dorsten\/wp-json\/wp\/v2\/types\/page"}],"author":[{"embeddable":true,"href":"https:\/\/www.mieterverein-dorsten.de\/dorsten\/wp-json\/wp\/v2\/users\/1"}],"replies":[{"embeddable":true,"href":"https:\/\/www.mieterverein-dorsten.de\/dorsten\/wp-json\/wp\/v2\/comments?post=15"}],"version-history":[{"count":3,"href":"https:\/\/www.mieterverein-dorsten.de\/dorsten\/wp-json\/wp\/v2\/pages\/15\/revisions"}],"predecessor-version":[{"id":66,"href":"https:\/\/www.mieterverein-dorsten.de\/dorsten\/wp-json\/wp\/v2\/pages\/15\/revisions\/66"}],"wp:attachment":[{"href":"https:\/\/www.mieterverein-dorsten.de\/dorsten\/wp-json\/wp\/v2\/media?parent=15"}],"curies":[{"name":"wp","href":"https:\/\/api.w.org\/{rel}","templated":true}]}}