{"id":25,"date":"2011-07-01T09:49:38","date_gmt":"2011-07-01T09:49:38","guid":{"rendered":"http:\/\/www.mieterverein-dorsten.de\/dorsten\/?page_id=25"},"modified":"2011-07-25T09:49:21","modified_gmt":"2011-07-25T09:49:21","slug":"fachliteratur","status":"publish","type":"page","link":"https:\/\/www.mieterverein-dorsten.de\/dorsten\/fachliteratur\/","title":{"rendered":"Fachliteratur"},"content":{"rendered":"<p><strong><a rel=\"attachment wp-att-78\" href=\"http:\/\/www.mieterverein-dorsten.de\/dorsten\/fachliteratur\/mieterverein_fachliteratur\/\"><img decoding=\"async\" loading=\"lazy\" class=\"alignright size-full wp-image-78\" style=\"float:right;\" title=\"mieterverein_fachliteratur\" src=\"http:\/\/www.mieterverein-dorsten.de\/dorsten\/wp-content\/uploads\/2011\/07\/mieterverein_fachliteratur.jpg\" alt=\"\" width=\"140\" height=\"162\" \/><\/a>I. DMB-Informationsbrosch\u00fcren im Format DIN A5.<\/strong><br \/>\nAcht Ratgeber mit allen Mietrechts\u00e4nderungen der Reform vom 01.09.2001 im Umfang von 80-100 Seiten. Pro Heft 6,00 \u20ac, das Mieterlexikon 13,00 \u20ac.<\/p>\n<p><em>1. \tMieterrechte und Mieterpflichten<\/em><br \/>\nAlltagsfragen rund um die Mietwohnung, Gesetze, Urteile, Vertragsklauseln.<\/p>\n<p><em>2. \tDie zweite Miete<\/em><br \/>\nHeizkosten und kalte Nebenkosten, Kosten, Fristen, Aufteilung, Musterabrechnung und Checklisten.<\/p>\n<p><em>3. \tK\u00fcndigung und Mieterschutz<\/em><br \/>\nMieter- und Vermieterk\u00fcndigungen, K\u00fcndigungsfristen, Nachmieter, Eigenbedarf, Sozialklauseln.<\/p>\n<p><em>4. \tWohnungsm\u00e4ngel und Mietminderung<\/em><br \/>\nMiete k\u00fcrzen &#8211; wann &amp; wie? Mit Themen wie: Schimmel, L\u00e4rm, Heizung, Umweltgifte, orts\u00fcbliche Vergleichsmiete, Zustimmungsverfahren. Dreihundert Urteile und Beispiele.<\/p>\n<p><em>5. \tMieterh\u00f6hung<\/em><br \/>\nMehr Miete? Gr\u00fcnde \u2013 Fristen \u2013 Beispiele, Mietspiegel, Kappungsgrenze, Jahressperrfrist, Staffelmiete.<\/p>\n<p><em>6. \tModernisierung durch den Vermieter<\/em><br \/>\nWohnwertverbesserung &amp; Energieeinsparung, Ank\u00fcndigung, Duldung, Mieterh\u00f6hung, Fristen, Mietermodernisierung<\/p>\n<p><em>7. \tGeld sparen beim Umzug &#8211; Renovierung, Kaution, Makler, Abstand<\/em><br \/>\nVon der K\u00fcndigung bis zum neuen Mietvertrag, Tipps zum Wohnungswechsel.<\/p>\n<p><em>8. \tKaufen oder Mieter bleiben<\/em><br \/>\nUmwandlung und Privatisierung, Eigentumswohnung, K\u00fcndigungssperrfristen, Vorkaufsrechte, Vermieterwechsel.<\/p>\n<p><strong>II. DMB-Mieterlexikon<\/strong><br \/>\nDas aktuelle Nachschlagewerk f\u00fcr Fachleute und Laien<\/p>\n<p><strong>III. Wie Mieter Geld sparen<\/strong><br \/>\n100 Tips von Experten &#8211; Sonderheft erh\u00e4ltlich f\u00fcr 3,95 \u20ac<\/p>\n<p><strong>IV. Mieterzeitung<\/strong><br \/>\nOffizielles Organ des Deutschen Mieterbundes, DIN A4, vierfarbig, 32 Seiten, erscheint 6 mal im Jahr. (kostenlos)<\/p>\n<p><strong>V. DMB-Werbebrosch\u00fcre DIN A5<\/strong><br \/>\nDie Experten \u201eAuf Seiten der Mieter\u201c 500 mal f\u00fcr Sie in Deutschland. (kostenlos)<\/p>\n<p><strong>VI. Mietspiegel<\/strong><br \/>\nF\u00fcr freifinanzierte Wohnungen im Stadtgebiet Dorsten (kostenlos)<\/p>\n<p>Literatur telefonisch bestellen unter (02362) 953644<\/p>\n<p>Unsere Beratung beruht auf Erfahrung, K\u00f6nnen und Kompetenz.<\/p>\n<p><strong>Die Mitglieder des Mietervereins Dorsten k\u00f6nnen die Ratgeber des Deutschen Mieterbundes sowie alle in der Verbraucherzentrale angebotenen Schriften zum Vorteilspreis von 10% unter dem \u00fcblichen Verkaufspreis erhalten.<\/strong><\/p>\n<p><strong>Die Verbraucherzentrale stellt f\u00fcr die Mitglieder des Mietervereins Dorsten das Selbstinformationssystem \u201eInfothek\u201c kostenlos zur Verf\u00fcgung.<\/strong><\/p>\n<p>Kopien der Infothek k\u00f6nnen gegen Entgelt angefertigt werden.<\/p>\n","protected":false},"excerpt":{"rendered":"<p>I. DMB-Informationsbrosch\u00fcren im Format DIN A5. Acht Ratgeber mit allen Mietrechts\u00e4nderungen der Reform vom 01.09.2001 im Umfang von 80-100 Seiten. Pro Heft 6,00 \u20ac, das Mieterlexikon 13,00 \u20ac. 1. Mieterrechte und Mieterpflichten Alltagsfragen rund um die Mietwohnung, Gesetze, Urteile, Vertragsklauseln. 2. Die zweite Miete Heizkosten und kalte Nebenkosten, Kosten, Fristen, Aufteilung, Musterabrechnung und Checklisten. 3. [&hellip;]<\/p>\n","protected":false},"author":1,"featured_media":0,"parent":0,"menu_order":7,"comment_status":"closed","ping_status":"open","template":"","meta":[],"_links":{"self":[{"href":"https:\/\/www.mieterverein-dorsten.de\/dorsten\/wp-json\/wp\/v2\/pages\/25"}],"collection":[{"href":"https:\/\/www.mieterverein-dorsten.de\/dorsten\/wp-json\/wp\/v2\/pages"}],"about":[{"href":"https:\/\/www.mieterverein-dorsten.de\/dorsten\/wp-json\/wp\/v2\/types\/page"}],"author":[{"embeddable":true,"href":"https:\/\/www.mieterverein-dorsten.de\/dorsten\/wp-json\/wp\/v2\/users\/1"}],"replies":[{"embeddable":true,"href":"https:\/\/www.mieterverein-dorsten.de\/dorsten\/wp-json\/wp\/v2\/comments?post=25"}],"version-history":[{"count":7,"href":"https:\/\/www.mieterverein-dorsten.de\/dorsten\/wp-json\/wp\/v2\/pages\/25\/revisions"}],"predecessor-version":[{"id":82,"href":"https:\/\/www.mieterverein-dorsten.de\/dorsten\/wp-json\/wp\/v2\/pages\/25\/revisions\/82"}],"wp:attachment":[{"href":"https:\/\/www.mieterverein-dorsten.de\/dorsten\/wp-json\/wp\/v2\/media?parent=25"}],"curies":[{"name":"wp","href":"https:\/\/api.w.org\/{rel}","templated":true}]}}