{"id":31,"date":"2011-07-01T09:50:57","date_gmt":"2011-07-01T09:50:57","guid":{"rendered":"http:\/\/www.mieterverein-dorsten.de\/dorsten\/?page_id=31"},"modified":"2011-07-25T10:04:37","modified_gmt":"2011-07-25T10:04:37","slug":"nebenkosten","status":"publish","type":"page","link":"https:\/\/www.mieterverein-dorsten.de\/dorsten\/nebenkosten\/","title":{"rendered":"Nebenkosten"},"content":{"rendered":"<p><strong>Keine Nebensache &#8211; die Nebenkosten!<\/strong><\/p>\n<p>Haben Sie schon mal ihre Nebenkostenabrechnung pr\u00fcfen lassen? Die so genannte &#8222;Zweite Miete&#8220; steigt dramatisch. Jede zweite Abrechnung aber ist falsch. Immer wieder sto\u00dfen unsere Mietrechtsjuristen bei der \u00fcberpr\u00fcfung auf haarstr\u00e4ubende Fehler! Die Betriebskostenverordnung regelt, welche kalten und warmen Betriebskosten Sie zu zahlen haben. Grunds\u00e4tzlich gilt f\u00fcr die Nebenkosten: Der Vermieter darf nur die Posten ber\u00fccksichtigen, die auch im Mietvertrag aufgef\u00fchrt sind. Wichtig ist, dass die Nebenkostenabrechnung sich immer auf einen Zeitraum von zw\u00f6lf Monaten erstreckt und nur die Kosten, die in diesem festgelegten Abrechnungszeitraum tats\u00e4chlich entstanden sind, darf der Vermieter bei der Abrechnung ber\u00fccksichtigen.<\/p>\n<p>Die Abrechnung muss einmal im Jahr erfolgen und sp\u00e4testens zw\u00f6lf Monate nach Ende des vereinbarten Zeitraumes vorliegen, es sei denn, der Vermieter kann nachweisen, dass er versp\u00e4tete Abrechnungen nicht zu verantworten hat.<\/p>\n<p><strong>Kommen sie zu uns! Wir beraten und helfen! Erst pr\u00fcfen &#8211; dann zahlen!<\/strong><\/p>\n<p><em>PDF-Dokumente zu diesem Thema:<\/em><\/p>\n<ul>\n<li> <a href=\"http:\/\/www.mieterverein-dorsten.de\/pdf\/nebenkosten\/nebenkosten_checkliste_kalte_betriebskosten.pdf\">Checkliste &#8222;Kalte Betriebskosten&#8220;<\/a><\/li>\n<li><a href=\"http:\/\/www.mieterverein-dorsten.de\/pdf\/nebenkosten\/nebenkosten_checkliste_heizkostenabrechnung.pdf\">Checkliste &#8222;Heizkostenabrechnung&#8220;<\/a><\/li>\n<li><a href=\"http:\/\/www.mieterverein-dorsten.de\/pdf\/nebenkosten\/nebenkosten_betriebskostenspiegel.pdf\">Betriebskostenspiegel 2006 f\u00fcr NRW<\/a><\/li>\n<\/ul>\n<p><strong>Mitglieder des Mietervereins Dorsten erhalten kostenloses Heizgutachten<\/strong><br \/>\nIn diesem Jahr erscheint erstmalig der bundesweite Heizspiegel. Mit Hilfe des Heizspiegels kann man die eigenen Heizkosten pr\u00fcfen und mit den Durchschnittsverbr\u00e4uchen und \u2013kosten aus der regionalen Umgebung vergleichen. F\u00fcr Mitglieder des Mietervereins Dorsten liegt dem Heizspiegel ein Gutschein \u00fcber ein kostenloses Heizgutachten bei. Die Heizspiegel k\u00f6nnen w\u00e4hrend der Beratungsstunden abgeholt werden. Neumitglieder erhalten diesen Gutschein ebenfalls kostenlos mit der \u00dcbergabe der Begr\u00fc\u00dfungsunterlagen, so der Vorstand des Mietervereins Dorsten.<\/p>\n","protected":false},"excerpt":{"rendered":"<p>Keine Nebensache &#8211; die Nebenkosten! Haben Sie schon mal ihre Nebenkostenabrechnung pr\u00fcfen lassen? Die so genannte &#8222;Zweite Miete&#8220; steigt dramatisch. Jede zweite Abrechnung aber ist falsch. Immer wieder sto\u00dfen unsere Mietrechtsjuristen bei der \u00fcberpr\u00fcfung auf haarstr\u00e4ubende Fehler! Die Betriebskostenverordnung regelt, welche kalten und warmen Betriebskosten Sie zu zahlen haben. Grunds\u00e4tzlich gilt f\u00fcr die Nebenkosten: Der [&hellip;]<\/p>\n","protected":false},"author":1,"featured_media":0,"parent":0,"menu_order":10,"comment_status":"closed","ping_status":"open","template":"","meta":[],"_links":{"self":[{"href":"https:\/\/www.mieterverein-dorsten.de\/dorsten\/wp-json\/wp\/v2\/pages\/31"}],"collection":[{"href":"https:\/\/www.mieterverein-dorsten.de\/dorsten\/wp-json\/wp\/v2\/pages"}],"about":[{"href":"https:\/\/www.mieterverein-dorsten.de\/dorsten\/wp-json\/wp\/v2\/types\/page"}],"author":[{"embeddable":true,"href":"https:\/\/www.mieterverein-dorsten.de\/dorsten\/wp-json\/wp\/v2\/users\/1"}],"replies":[{"embeddable":true,"href":"https:\/\/www.mieterverein-dorsten.de\/dorsten\/wp-json\/wp\/v2\/comments?post=31"}],"version-history":[{"count":3,"href":"https:\/\/www.mieterverein-dorsten.de\/dorsten\/wp-json\/wp\/v2\/pages\/31\/revisions"}],"predecessor-version":[{"id":92,"href":"https:\/\/www.mieterverein-dorsten.de\/dorsten\/wp-json\/wp\/v2\/pages\/31\/revisions\/92"}],"wp:attachment":[{"href":"https:\/\/www.mieterverein-dorsten.de\/dorsten\/wp-json\/wp\/v2\/media?parent=31"}],"curies":[{"name":"wp","href":"https:\/\/api.w.org\/{rel}","templated":true}]}}