{"id":43,"date":"2011-07-01T09:52:35","date_gmt":"2011-07-01T09:52:35","guid":{"rendered":"http:\/\/www.mieterverein-dorsten.de\/dorsten\/?page_id=43"},"modified":"2020-12-05T17:32:24","modified_gmt":"2020-12-05T17:32:24","slug":"kontaktadressen","status":"publish","type":"page","link":"https:\/\/www.mieterverein-dorsten.de\/dorsten\/kontaktadressen\/","title":{"rendered":"Kontaktadressen"},"content":{"rendered":"<p>Falls Sie unser <a href=\"http:\/\/www.mieterverein-dorsten.de\/dorsten\/kontaktformular\/\">Kontaktformular<\/a> nicht nutzen m\u00f6chten, k\u00f6nnen Sie uns auch direkt eine Email schreiben: <a href=\"mailto:vorstand@mieterverein-dorsten.de\">vorstand@mieterverein-dorsten.de<\/a><\/p>\n<p><strong>B\u00fcroadresse:<\/strong><\/p>\n<p>Mieterverein Dorsten und Umgebung e.V<strong>.<\/strong><br \/>\nAlleestr. 36<br \/>\n46282 Dorsten<\/p>\n<p>Telefon: 0 23 62 &#8211; 95 36 44<br \/>\nFax: 0 23 62 &#8211; 95 40 11<br \/>\nMobil: 0 15 15 \/ 5 99 37 25<\/p>\n<p><strong>Postanschrift:<\/strong><\/p>\n<p>Mieterverein Dorsten und Umgebung e.V.<br \/>\nSchillerstr. 96<br \/>\n45768 Marl<\/p>\n<p>&nbsp;<\/p>\n<hr \/>\n<p><strong>Martin R\u00f6per<\/strong>, Rechtsanwalt und Fachanwalt f\u00fcr Familienrecht und Sozialrecht<br \/>\nT\u00e4tigkeitsschwerpunkte: <em>Mietrecht<\/em> \/ Ehe- und Familienrecht\/ Versicherungsrecht\/Arbeitsrecht\/Sozialrecht<br \/>\nTelefon: 02365-12007<br \/>\nEmail: <a href=\"mailto:martin.roeper@ra-marl.de\">kanzlei@ra-marl.de<\/a><\/p>\n","protected":false},"excerpt":{"rendered":"<p>Falls Sie unser Kontaktformular nicht nutzen m\u00f6chten, k\u00f6nnen Sie uns auch direkt eine Email schreiben: vorstand@mieterverein-dorsten.de B\u00fcroadresse: Mieterverein Dorsten und Umgebung e.V. Alleestr. 36 46282 Dorsten Telefon: 0 23 62 &#8211; 95 36 44 Fax: 0 23 62 &#8211; 95 40 11 Mobil: 0 15 15 \/ 5 99 37 25 Postanschrift: Mieterverein Dorsten und [&hellip;]<\/p>\n","protected":false},"author":1,"featured_media":0,"parent":0,"menu_order":16,"comment_status":"closed","ping_status":"open","template":"","meta":[],"_links":{"self":[{"href":"https:\/\/www.mieterverein-dorsten.de\/dorsten\/wp-json\/wp\/v2\/pages\/43"}],"collection":[{"href":"https:\/\/www.mieterverein-dorsten.de\/dorsten\/wp-json\/wp\/v2\/pages"}],"about":[{"href":"https:\/\/www.mieterverein-dorsten.de\/dorsten\/wp-json\/wp\/v2\/types\/page"}],"author":[{"embeddable":true,"href":"https:\/\/www.mieterverein-dorsten.de\/dorsten\/wp-json\/wp\/v2\/users\/1"}],"replies":[{"embeddable":true,"href":"https:\/\/www.mieterverein-dorsten.de\/dorsten\/wp-json\/wp\/v2\/comments?post=43"}],"version-history":[{"count":10,"href":"https:\/\/www.mieterverein-dorsten.de\/dorsten\/wp-json\/wp\/v2\/pages\/43\/revisions"}],"predecessor-version":[{"id":213,"href":"https:\/\/www.mieterverein-dorsten.de\/dorsten\/wp-json\/wp\/v2\/pages\/43\/revisions\/213"}],"wp:attachment":[{"href":"https:\/\/www.mieterverein-dorsten.de\/dorsten\/wp-json\/wp\/v2\/media?parent=43"}],"curies":[{"name":"wp","href":"https:\/\/api.w.org\/{rel}","templated":true}]}}