{"id":45,"date":"2011-07-01T09:52:49","date_gmt":"2011-07-01T09:52:49","guid":{"rendered":"http:\/\/www.mieterverein-dorsten.de\/dorsten\/?page_id=45"},"modified":"2020-12-05T17:31:34","modified_gmt":"2020-12-05T17:31:34","slug":"impressum","status":"publish","type":"page","link":"https:\/\/www.mieterverein-dorsten.de\/dorsten\/impressum\/","title":{"rendered":"Impressum"},"content":{"rendered":"<p>Mieterverein Dorsten und Umgebung e.V.<br \/>\nAlleestr. 36<br \/>\n46282 Dorsten<\/p>\n<p>Telefon: 0 23 62 &#8211; 95 36 44<br \/>\nFax: 0 23 62 &#8211; 95 40 11<br \/>\nMobil: 0 15 15 \/ 5 99 37 25<\/p>\n<p>&nbsp;<\/p>\n<p>&nbsp;<\/p>\n<p>E-Mail: <a href=\"mailto:vorstand@mieterverein-dorsten.de\">vorstand@mieterverein-dorsten.de<\/a><br \/>\nInternet: www.mieterverein-dorsten.de<\/p>\n<p>Vorstand:<br \/>\nMartin R\u00f6per (1. Vorsitzender), Iris Anton (2. Vorsitzende), Tanja Wolf (Gesch\u00e4ftsf\u00fchrerin und Kassiererin)<\/p>\n<p>Registergericht: Amtsgericht Dorsten<br \/>\nRegisternummer: 11 VR 0342<\/p>\n<p><strong>Wir sind f\u00fcr Dorsten und Umgebung der zust\u00e4ndige Mieterverein. Offiziell gegr\u00fcndet am 19. Mai 1976.<br \/>\n<\/strong><\/p>\n","protected":false},"excerpt":{"rendered":"<p>Mieterverein Dorsten und Umgebung e.V. Alleestr. 36 46282 Dorsten Telefon: 0 23 62 &#8211; 95 36 44 Fax: 0 23 62 &#8211; 95 40 11 Mobil: 0 15 15 \/ 5 99 37 25 &nbsp; &nbsp; E-Mail: vorstand@mieterverein-dorsten.de Internet: www.mieterverein-dorsten.de Vorstand: Martin R\u00f6per (1. Vorsitzender), Iris Anton (2. Vorsitzende), Tanja Wolf (Gesch\u00e4ftsf\u00fchrerin und Kassiererin) Registergericht: [&hellip;]<\/p>\n","protected":false},"author":1,"featured_media":0,"parent":0,"menu_order":17,"comment_status":"closed","ping_status":"open","template":"","meta":[],"_links":{"self":[{"href":"https:\/\/www.mieterverein-dorsten.de\/dorsten\/wp-json\/wp\/v2\/pages\/45"}],"collection":[{"href":"https:\/\/www.mieterverein-dorsten.de\/dorsten\/wp-json\/wp\/v2\/pages"}],"about":[{"href":"https:\/\/www.mieterverein-dorsten.de\/dorsten\/wp-json\/wp\/v2\/types\/page"}],"author":[{"embeddable":true,"href":"https:\/\/www.mieterverein-dorsten.de\/dorsten\/wp-json\/wp\/v2\/users\/1"}],"replies":[{"embeddable":true,"href":"https:\/\/www.mieterverein-dorsten.de\/dorsten\/wp-json\/wp\/v2\/comments?post=45"}],"version-history":[{"count":13,"href":"https:\/\/www.mieterverein-dorsten.de\/dorsten\/wp-json\/wp\/v2\/pages\/45\/revisions"}],"predecessor-version":[{"id":234,"href":"https:\/\/www.mieterverein-dorsten.de\/dorsten\/wp-json\/wp\/v2\/pages\/45\/revisions\/234"}],"wp:attachment":[{"href":"https:\/\/www.mieterverein-dorsten.de\/dorsten\/wp-json\/wp\/v2\/media?parent=45"}],"curies":[{"name":"wp","href":"https:\/\/api.w.org\/{rel}","templated":true}]}}