{"id":7,"date":"2011-05-26T13:13:26","date_gmt":"2011-05-26T13:13:26","guid":{"rendered":"http:\/\/www.mieterverein-dorsten.de\/dorsten\/?page_id=7"},"modified":"2017-11-29T11:04:24","modified_gmt":"2017-11-29T11:04:24","slug":"wir-uber-uns","status":"publish","type":"page","link":"https:\/\/www.mieterverein-dorsten.de\/dorsten\/wir-uber-uns\/","title":{"rendered":"Wir \u00fcber uns"},"content":{"rendered":"<p>Wir freuen uns, dass Sie sich f\u00fcr den <strong>Mieterverein Dorsten und Umgebung e.V.<\/strong> interessieren. Wir verstehen uns als Solidargemeinschaft, um Ihre Interessen zu vertreten.<\/p>\n<p>Wenn in Ihrem Mietverh\u00e4ltnis Fragen oder Probleme auftauchen, sprechen Sie uns an. Als Mitglied des Mietervereins Dorsten werden Sie von uns unentgeltlich in allen Mietangelegenheiten informiert, beraten und begleitet.<\/p>\n<p>Wir werden alles tun, um Ihnen schnell und wirkungsvoll zu helfen.<br \/>\nDer Mieterverein Dorsten ist dem Deutschen Mieterbund Nordrhein-Westfalen e.V. angeschlossen. Sie erhalten alle zwei Monate die Mieterzeitung. In dieser Zeitung werden die immer wieder auftretenden Fragen und Urteile im Mietrecht behandelt, so wie auf die aktuelle Wohnungspolitik eingegangen.Wir hoffen, dass wir Ihnen damit viel Wissenswertes und Interessantes bieten k\u00f6nnen.<br \/>\n\u00dcber unsere Veranstaltungen und Versammlungen werden Sie durch die lokale Presse und \u00fcber die Mieterzeitung in der Rubrik &#8211; Vereinsnachrichten &#8211; informiert.<br \/>\nDie Grundlagen unserer Arbeit sind in der Satzung des Mietervereins Dorsten und Umgebung e.V. vom 22.05.2009 in der aktuellen Fassung festgelegt.<br \/>\nWir sind f\u00fcr Dorsten und Umgebung der zust\u00e4ndige Mieterverein, offiziell gegr\u00fcndet am 19. Mai 1976.<\/p>\n<p><strong>1. Vorsitzender:<\/strong><br \/>\nMartin R\u00f6per, Schillerstr. 96, 45768 Marl<br \/>\nTel. : (0 23 65) 1 20 07<br \/>\nFax.: (0 23 65) 8 67 29<br \/>\ne-mail: kanzlei@ra-marl.de<\/p>\n<p><strong>2. Vorsitzende:<\/strong><br \/>\nIris Anton<\/p>\n<p><strong>3. Gesch\u00e4ftsf\u00fchrerin und Kassiererin:<\/strong><br \/>\nTanja Wolf<\/p>\n<p>&nbsp;<\/p>\n<p>&nbsp;<\/p>\n","protected":false},"excerpt":{"rendered":"<p>Wir freuen uns, dass Sie sich f\u00fcr den Mieterverein Dorsten und Umgebung e.V. interessieren. Wir verstehen uns als Solidargemeinschaft, um Ihre Interessen zu vertreten. Wenn in Ihrem Mietverh\u00e4ltnis Fragen oder Probleme auftauchen, sprechen Sie uns an. Als Mitglied des Mietervereins Dorsten werden Sie von uns unentgeltlich in allen Mietangelegenheiten informiert, beraten und begleitet. Wir werden [&hellip;]<\/p>\n","protected":false},"author":1,"featured_media":0,"parent":0,"menu_order":2,"comment_status":"open","ping_status":"open","template":"","meta":[],"_links":{"self":[{"href":"https:\/\/www.mieterverein-dorsten.de\/dorsten\/wp-json\/wp\/v2\/pages\/7"}],"collection":[{"href":"https:\/\/www.mieterverein-dorsten.de\/dorsten\/wp-json\/wp\/v2\/pages"}],"about":[{"href":"https:\/\/www.mieterverein-dorsten.de\/dorsten\/wp-json\/wp\/v2\/types\/page"}],"author":[{"embeddable":true,"href":"https:\/\/www.mieterverein-dorsten.de\/dorsten\/wp-json\/wp\/v2\/users\/1"}],"replies":[{"embeddable":true,"href":"https:\/\/www.mieterverein-dorsten.de\/dorsten\/wp-json\/wp\/v2\/comments?post=7"}],"version-history":[{"count":11,"href":"https:\/\/www.mieterverein-dorsten.de\/dorsten\/wp-json\/wp\/v2\/pages\/7\/revisions"}],"predecessor-version":[{"id":211,"href":"https:\/\/www.mieterverein-dorsten.de\/dorsten\/wp-json\/wp\/v2\/pages\/7\/revisions\/211"}],"wp:attachment":[{"href":"https:\/\/www.mieterverein-dorsten.de\/dorsten\/wp-json\/wp\/v2\/media?parent=7"}],"curies":[{"name":"wp","href":"https:\/\/api.w.org\/{rel}","templated":true}]}}